{"id":107,"date":"2017-11-14T20:53:14","date_gmt":"2017-11-14T19:53:14","guid":{"rendered":"http:\/\/www.biohofmarth.at\/?page_id=107"},"modified":"2022-02-01T12:03:08","modified_gmt":"2022-02-01T11:03:08","slug":"wissenswertes","status":"publish","type":"page","link":"http:\/\/www.biohofmarth.at\/?page_id=107","title":{"rendered":"Wissenswertes"},"content":{"rendered":"<h3>Wertvolle Inhaltsstoffe in Streuobst\u00e4pfeln<\/h3>\n<p><em>(Ausschnitte aus einem Untersuchungsbericht\u00a0 in der Zeitung &#8222;Besseres Obst&#8220; 01\/2022)<br \/><\/em><\/p>\n<p>Der Apfel ist lt. Statistik Austria (2020) das am meisten verzehrte Obst in \u00d6sterreich. Der daraus hergestellte Saft wird auch sehr gerne und h\u00e4ufig getrunken. \u00c4pfel und daraus hergestellte S\u00e4fte enthalten viele gesundheitsf\u00f6rdernde Inhaltsstoffe wie z.B. die antioxydativ wirksamen Polyphenole.<\/p>\n<p>Polyphenole sind Sekund\u00e4re Pflanzenstoffe und wirken vorbeugend und heilend. Sie halten die freien Radikale in Schach bzw. bremsen die Alterung (verlangsamen die Zelloxydation), sie verbessern das Immunsystem, sind entz\u00fcndungshemmend und blutdruckregulierend. Sie reduzieren die Fettablagerungen in den Blutgef\u00e4\u00dfen.<\/p>\n<p>Die Universit\u00e4t f\u00fcr Bodenkultur (BOKU) in Wien, hat unter der Leitung von Daniela Noll, Andreas Spornberger und Federica De Berardinis 2021 den Gesamtpolyphenolgehalt in Apfels\u00e4ften untersucht. Es wurden Apfels\u00e4fte aus Streuobst- und aus Tafelobstsorten untersucht.<\/p>\n<p>Der durchschnittliche Gesamtphenolgehalt im Streuobst lag bei 1004 mg\/l und im Tafelobstsaft bei 469 mg\/l. Beim Streuobst wurden durchwegs alte Sorten wie Kronprinz, Ilzer, Bohnapfel, Maschanzker, Chrysovsker, Adersleber, Berner, Gravensteiner, Odenw\u00e4lder, Damasonrenette, Greillensteiner und Marillenapfel verwendet. Beim Tafelobst neuere Sorten wie Gala, Topaz, Luna, Idared, Kronprinz, Fuji, Jonagold, Arlet, Opal, Pinova verwendet. Ebenso wurde der durchschnittliche Gesamtphenolgehalt in klaren und naturtr\u00fcben S\u00e4ften und in Konzentraten untersucht. Im klaren Saft wurden 614 mg\/l, im naturtr\u00fcben 874 mg\/l und im Konzentrat 271 mg\/l gemessen. Auch wurde die biologische und die integrierte Anbauweise untersucht. Biologisch war der Wert bei 798 mg\/l und Integriert bei 553 mg\/l.<\/p>\n<p><strong>Fazit<\/strong>: <strong>Der<\/strong> <strong>Gesamtphenolgehalt ist<\/strong> <strong>beim Streuobst<\/strong>, <strong>im naturtr\u00fcben<\/strong> <strong>Saft<\/strong> <strong>und<\/strong> <strong>nach<\/strong> <strong>biologischer<\/strong> <strong>Wirtschaftsweise<\/strong> <strong>am<\/strong> <strong>h\u00f6chsten<\/strong>.<\/p>\n<h4>\u00a0<\/h4>\n\n\n<p class=\"has-medium-font-size\"><strong>Mineralstoffuntersuchung unseres Mischsaftes Apfel-Traubensaft (65\/35 %)<\/strong> vom Labor ANALYTICUM<\/p>\n\n\n\n<p>(O.Univ.Prof.Dr.Werner Pfannhauser G.m.b.H. an der T.Univ.Graz)<\/p>\n\n\n\n<p>Kupfer 0,06 mg\/kg,     <strong>Kalium 370 mg\/kg<\/strong>,     Magnesium 51,6 mg\/kg,    Calcium 72,4 mg\/kg    Natrium 19,4 mg\/kg<\/p>\n\n\n\n<p>Der Saft ist au\u00dferdem frei von chemischen Zusatzstoffen (Pestiziden).<\/p>\n\n\n\n<p><strong>Fazit: Der Saft ist besonders reich an wichtigen Mineralstoffen und pestizidfrei!<\/strong><\/p>\n","protected":false},"excerpt":{"rendered":"<p>Wertvolle Inhaltsstoffe in Streuobst\u00e4pfeln (Ausschnitte aus einem Untersuchungsbericht\u00a0 in der Zeitung &#8222;Besseres Obst&#8220; 01\/2022) Der Apfel ist lt. Statistik Austria (2020) das am meisten verzehrte Obst in \u00d6sterreich. Der daraus hergestellte Saft wird auch sehr gerne und h\u00e4ufig getrunken. \u00c4pfel und daraus hergestellte S\u00e4fte enthalten viele gesundheitsf\u00f6rdernde Inhaltsstoffe wie z.B. die antioxydativ wirksamen Polyphenole. Polyphenole &hellip; <a href=\"http:\/\/www.biohofmarth.at\/?page_id=107\" class=\"more-link\"><span class=\"screen-reader-text\">Wissenswertes<\/span> weiterlesen<\/a><\/p>\n","protected":false},"author":1,"featured_media":0,"parent":0,"menu_order":0,"comment_status":"closed","ping_status":"closed","template":"","meta":[],"_links":{"self":[{"href":"http:\/\/www.biohofmarth.at\/index.php?rest_route=\/wp\/v2\/pages\/107"}],"collection":[{"href":"http:\/\/www.biohofmarth.at\/index.php?rest_route=\/wp\/v2\/pages"}],"about":[{"href":"http:\/\/www.biohofmarth.at\/index.php?rest_route=\/wp\/v2\/types\/page"}],"author":[{"embeddable":true,"href":"http:\/\/www.biohofmarth.at\/index.php?rest_route=\/wp\/v2\/users\/1"}],"replies":[{"embeddable":true,"href":"http:\/\/www.biohofmarth.at\/index.php?rest_route=%2Fwp%2Fv2%2Fcomments&post=107"}],"version-history":[{"count":10,"href":"http:\/\/www.biohofmarth.at\/index.php?rest_route=\/wp\/v2\/pages\/107\/revisions"}],"predecessor-version":[{"id":322,"href":"http:\/\/www.biohofmarth.at\/index.php?rest_route=\/wp\/v2\/pages\/107\/revisions\/322"}],"wp:attachment":[{"href":"http:\/\/www.biohofmarth.at\/index.php?rest_route=%2Fwp%2Fv2%2Fmedia&parent=107"}],"curies":[{"name":"wp","href":"https:\/\/api.w.org\/{rel}","templated":true}]}}