{"id":48,"date":"2017-11-13T19:50:56","date_gmt":"2017-11-13T18:50:56","guid":{"rendered":"http:\/\/www.biohofmarth.at\/?page_id=48"},"modified":"2019-12-29T19:12:05","modified_gmt":"2019-12-29T18:12:05","slug":"impressum","status":"publish","type":"page","link":"http:\/\/www.biohofmarth.at\/?page_id=48","title":{"rendered":"Impressum"},"content":{"rendered":"<p dir=\"LTR\" align=\"LEFT\"><strong><span style=\"font-family: Arial;\">Biohof Marth<\/span><\/strong><\/p>\n<p dir=\"LTR\" align=\"LEFT\">Schenkenberg 14<\/p>\n<p dir=\"LTR\" align=\"LEFT\">7572 Deutsch Kaltenbrunn<\/p>\n<p dir=\"LTR\" align=\"LEFT\">Betriebsf\u00fchrer: Ing. Fritz Marth, gleiche Adresse<\/p>\n<p dir=\"LTR\" align=\"LEFT\">Tel.: +43 (0)3382 71 411<\/p>\n<p dir=\"LTR\" align=\"LEFT\">Handy: +43 (0)676 50 72 789<\/p>\n<p dir=\"LTR\" align=\"LEFT\">Fax: +43 (0)3382 71 633<\/p>\n<p dir=\"LTR\" align=\"LEFT\"><span style=\"font-family: Arial;\">Mail: <\/span><a href=\"mailto:fritzma@a1.net\"><span lang=\"EN-GB\">fritzma@a1.net<\/span><\/a><\/p>\n<p dir=\"LTR\" align=\"LEFT\"><b>T\u00e4tigkeitsbereich<\/b>: Die Aufgaben des Biohof Marth beschr\u00e4nken sich auf die biologische Bewirtschaftung des zur Verf\u00fcgung stehenden landwirtschaftlichen Grundes zur Abdeckung des Eigenbedarfes, sowie der Verkauf der \u00dcberproduktion bzw. der erzeugten Veredlungsprodukte.<\/p>\n<p dir=\"LTR\" align=\"LEFT\"><b>Fotos<\/b>: Eigenfotos, die Logos stammen mit Zustimmung von den jeweiligen Verb\u00e4nden.<\/p>\n<p dir=\"LTR\" align=\"LEFT\"><b>Blattlinie<\/b>: Informationsplattform zur F\u00f6rderung des \u00f6kologischen Landbaues.<\/p>\n","protected":false},"excerpt":{"rendered":"<p>Biohof Marth Schenkenberg 14 7572 Deutsch Kaltenbrunn Betriebsf\u00fchrer: Ing. Fritz Marth, gleiche Adresse Tel.: +43 (0)3382 71 411 Handy: +43 (0)676 50 72 789 Fax: +43 (0)3382 71 633 Mail: fritzma@a1.net T\u00e4tigkeitsbereich: Die Aufgaben des Biohof Marth beschr\u00e4nken sich auf die biologische Bewirtschaftung des zur Verf\u00fcgung stehenden landwirtschaftlichen Grundes zur Abdeckung des Eigenbedarfes, sowie der &hellip; <a href=\"http:\/\/www.biohofmarth.at\/?page_id=48\" class=\"more-link\"><span class=\"screen-reader-text\">Impressum<\/span> weiterlesen<\/a><\/p>\n","protected":false},"author":1,"featured_media":0,"parent":0,"menu_order":0,"comment_status":"closed","ping_status":"closed","template":"","meta":[],"_links":{"self":[{"href":"http:\/\/www.biohofmarth.at\/index.php?rest_route=\/wp\/v2\/pages\/48"}],"collection":[{"href":"http:\/\/www.biohofmarth.at\/index.php?rest_route=\/wp\/v2\/pages"}],"about":[{"href":"http:\/\/www.biohofmarth.at\/index.php?rest_route=\/wp\/v2\/types\/page"}],"author":[{"embeddable":true,"href":"http:\/\/www.biohofmarth.at\/index.php?rest_route=\/wp\/v2\/users\/1"}],"replies":[{"embeddable":true,"href":"http:\/\/www.biohofmarth.at\/index.php?rest_route=%2Fwp%2Fv2%2Fcomments&post=48"}],"version-history":[{"count":4,"href":"http:\/\/www.biohofmarth.at\/index.php?rest_route=\/wp\/v2\/pages\/48\/revisions"}],"predecessor-version":[{"id":270,"href":"http:\/\/www.biohofmarth.at\/index.php?rest_route=\/wp\/v2\/pages\/48\/revisions\/270"}],"wp:attachment":[{"href":"http:\/\/www.biohofmarth.at\/index.php?rest_route=%2Fwp%2Fv2%2Fmedia&parent=48"}],"curies":[{"name":"wp","href":"https:\/\/api.w.org\/{rel}","templated":true}]}}