{"id":58,"date":"2017-11-13T21:07:28","date_gmt":"2017-11-13T20:07:28","guid":{"rendered":"http:\/\/www.biohofmarth.at\/?page_id=58"},"modified":"2022-10-02T19:41:19","modified_gmt":"2022-10-02T18:41:19","slug":"fruchtlandler","status":"publish","type":"page","link":"https:\/\/www.biohofmarth.at\/?page_id=58","title":{"rendered":"Produkte"},"content":{"rendered":"<h4>Fruchts\u00e4fte \u201eFruchtlandler\u201c<\/h4>\n<p><img loading=\"lazy\" class=\"alignnone wp-image-217 size-large\" src=\"http:\/\/www.biohofmarth.at\/wp-content\/uploads\/2017\/11\/P1020042-1024x768.jpg\" alt=\"\" width=\"660\" height=\"495\" srcset=\"https:\/\/www.biohofmarth.at\/wp-content\/uploads\/2017\/11\/P1020042-1024x768.jpg 1024w, https:\/\/www.biohofmarth.at\/wp-content\/uploads\/2017\/11\/P1020042-300x225.jpg 300w, https:\/\/www.biohofmarth.at\/wp-content\/uploads\/2017\/11\/P1020042-768x576.jpg 768w\" sizes=\"(max-width: 660px) 100vw, 660px\" \/><\/p>\n<p>Eine eigene gesch\u00fctzte Getr\u00e4nkemarke. Ein naturtr\u00fcber Direktfruchtsaft, schonend hergestellt in der eigenen Presserei, ausschlie\u00dflich aus Streuobst\u00e4pfeln, Uhudlertrauben und Aronia, in verschiedenen Kompositionen, ohne Zus\u00e4tze. Hauptsorten bei den \u00c4pfeln \u2013 Goldparm\u00e4ne, Bohnapfel, Ilzer Rosenapfel, Steirischer Maschanzker, Kronprinz Rudolf, bei den Trauben \u2013 Clinton (kleinbeerig), Concordia (gro\u00dfbeerig).<br \/>Abf\u00fcllung in <strong>0,5<\/strong> und <strong>0,33 L<\/strong> <strong>Glasflaschen<\/strong> mit Schraubverschluss. F\u00fcr die Haltbarkeit wurde der Saft auf 80\u00b0C erhitzt (pasteurisiert).<\/p>\n<p><strong>Bio-Apfelsaft <\/strong>(100 % Streuobst\u00e4pfel), 0,5 L,<span style=\"color: #ff0000;\"> \u20ac 2,-<\/span><strong><br \/>Bio-Apfelsaft mit Aronia<\/strong> (95 % Streuobst\u00e4pfel, 5 % Aronia), 0,5 L, <span style=\"color: #ff0000;\">\u20ac 2,50<\/span><br \/><strong>Bio-Apfel-Traubensaft<\/strong> (65 % Streuobst\u00e4pfel, 35 % Uhudler-Tr.), 0,5 L, <span style=\"color: #ff0000;\">\u20ac 2,50<\/span><br \/><strong>Bio-Uhudler-Traubensaft<\/strong> (100 % Uhudlertrauben), dunkelroter Saft aus kleinbeerigen Trauben, 0,33 L, <span style=\"color: #ff0000;\">\u20ac 2,-<\/span><br \/><strong>Bio-Uhudler-Traubensaft<\/strong> (100 % Uhudlertrauben), h\u2019roter Saft aus gro\u00dfbeerigen Trauben,\u00a0 0,33 L, <span style=\"color: #ff0000;\">\u20ac 2,-<\/span><\/p>\n<p><strong>Weitere landwirtschaftliche Produkte:<br \/><\/strong><strong>Erd\u00e4pfel<\/strong> \u2013 Agria, Mehlige M\u00fchlviertler, Ditta, Husar, Nicola, Irish Cobbler,\u00a0 Laura, Desiree, Linzer Rose &#8211; alle:<span style=\"color: #ff0000;\"> \u20ac 2,-\/kg<\/span><br \/><strong>Heu in eckigen Kleinballen<\/strong>, trocken 13-15 kg: <span style=\"color: #ff0000;\">\u20ac 1,80\/Ballen<\/span><\/p>\n<p><span style=\"color: #ff0000;\"><strong>Alle unsere Produkte sind Bio-Zertifiziert!<\/strong><\/span><strong>\u00a0 \u00a0<\/strong><\/p>\n<p><img loading=\"lazy\" class=\"alignnone size-full wp-image-294\" src=\"http:\/\/www.biohofmarth.at\/wp-content\/uploads\/2019\/12\/biologos.png\" alt=\"\" width=\"645\" height=\"135\" srcset=\"https:\/\/www.biohofmarth.at\/wp-content\/uploads\/2019\/12\/biologos.png 645w, https:\/\/www.biohofmarth.at\/wp-content\/uploads\/2019\/12\/biologos-300x63.png 300w\" sizes=\"(max-width: 645px) 100vw, 645px\" \/><\/p>\n\n\n<p><\/p>\n","protected":false},"excerpt":{"rendered":"<p>Fruchts\u00e4fte \u201eFruchtlandler\u201c Eine eigene gesch\u00fctzte Getr\u00e4nkemarke. Ein naturtr\u00fcber Direktfruchtsaft, schonend hergestellt in der eigenen Presserei, ausschlie\u00dflich aus Streuobst\u00e4pfeln, Uhudlertrauben und Aronia, in verschiedenen Kompositionen, ohne Zus\u00e4tze. Hauptsorten bei den \u00c4pfeln \u2013 Goldparm\u00e4ne, Bohnapfel, Ilzer Rosenapfel, Steirischer Maschanzker, Kronprinz Rudolf, bei den Trauben \u2013 Clinton (kleinbeerig), Concordia (gro\u00dfbeerig).Abf\u00fcllung in 0,5 und 0,33 L Glasflaschen mit Schraubverschluss. &hellip; <a href=\"https:\/\/www.biohofmarth.at\/?page_id=58\" class=\"more-link\"><span class=\"screen-reader-text\">Produkte<\/span> weiterlesen<\/a><\/p>\n","protected":false},"author":1,"featured_media":0,"parent":0,"menu_order":0,"comment_status":"closed","ping_status":"closed","template":"","meta":[],"_links":{"self":[{"href":"https:\/\/www.biohofmarth.at\/index.php?rest_route=\/wp\/v2\/pages\/58"}],"collection":[{"href":"https:\/\/www.biohofmarth.at\/index.php?rest_route=\/wp\/v2\/pages"}],"about":[{"href":"https:\/\/www.biohofmarth.at\/index.php?rest_route=\/wp\/v2\/types\/page"}],"author":[{"embeddable":true,"href":"https:\/\/www.biohofmarth.at\/index.php?rest_route=\/wp\/v2\/users\/1"}],"replies":[{"embeddable":true,"href":"https:\/\/www.biohofmarth.at\/index.php?rest_route=%2Fwp%2Fv2%2Fcomments&post=58"}],"version-history":[{"count":34,"href":"https:\/\/www.biohofmarth.at\/index.php?rest_route=\/wp\/v2\/pages\/58\/revisions"}],"predecessor-version":[{"id":324,"href":"https:\/\/www.biohofmarth.at\/index.php?rest_route=\/wp\/v2\/pages\/58\/revisions\/324"}],"wp:attachment":[{"href":"https:\/\/www.biohofmarth.at\/index.php?rest_route=%2Fwp%2Fv2%2Fmedia&parent=58"}],"curies":[{"name":"wp","href":"https:\/\/api.w.org\/{rel}","templated":true}]}}